{"id":950,"date":"2024-07-29T19:46:25","date_gmt":"2024-07-29T19:46:25","guid":{"rendered":"https:\/\/qtouch.com.mx\/?post_type=product&#038;p=950"},"modified":"2024-09-11T00:52:17","modified_gmt":"2024-09-11T00:52:17","slug":"e-bike-qyt01","status":"publish","type":"product","link":"https:\/\/qtouch.com.mx\/en\/product\/e-bike-qyt01\/","title":{"rendered":"E-Bike QYT01"},"content":{"rendered":"<p data-sourcepos=\"11:1-11:80\">\u00bfListo para redefinir tus l\u00edmites? La Q-Bike QYT01 1 es tu compa\u00f1era ideal para conquistar cualquier terreno. Ya sea que te aventures por senderos de monta\u00f1a, calles empedradas o caminos rurales, esta bicicleta el\u00e9ctrica te llevar\u00e1 all\u00ed con potencia y estilo.<\/p>\n<p data-sourcepos=\"13:1-13:31\"><strong>Caracter\u00edsticas Destacadas:<\/strong><\/p>\n<ul data-sourcepos=\"15:1-17:88\">\n<li data-sourcepos=\"15:1-15:166\"><strong>Motor El\u00e9ctrico de Alto Rendimiento:<\/strong> 500 W de pura potencia para subir cuestas empinadas y mantener una velocidad constante en cualquier terreno.<\/li>\n<li data-sourcepos=\"16:1-16:138\"><strong>Bater\u00eda de Larga Duraci\u00f3n:<\/strong> Su bater\u00eda de 48V10Ah te ayuda a recorrer hasta 32 km con una sola carga. Explora m\u00e1s lejos y disfruta al m\u00e1ximo cada aventura.<\/li>\n<li data-sourcepos=\"17:1-17:88\"><strong>Cuadro Robusto y Ligero:<\/strong> Fabricado en acero, combina resistencia y agilidad para un manejo excepcional.<\/li>\n<li data-sourcepos=\"18:1-18:140\"><strong>Suspensi\u00f3n Delantera y Trasera:<\/strong> Absorbe los impactos y vibraciones, brind\u00e1ndote una conducci\u00f3n suave y c\u00f3moda en terrenos irregulares.<\/li>\n<li data-sourcepos=\"19:1-19:116\"><strong>Frenos de Disco Hidr\u00e1ulicos:<\/strong> Potencia de frenado confiable y precisa para mantener el control en todo momento.<\/li>\n<li data-sourcepos=\"20:1-20:112\"><strong>Cambios:<\/strong> Con el sistema Shimano de 7 velocidades adapta tu pedaleo a cualquier situaci\u00f3n y maximiza tu eficiencia.<\/li>\n<li data-sourcepos=\"21:1-21:124\"><strong>Pantalla LCD Inteligente:<\/strong> Monitorea tu velocidad, distancia, nivel de bater\u00eda y otros datos importantes de un vistazo.<\/li>\n<li data-sourcepos=\"22:1-22:40\"><strong>Dise\u00f1o Ergon\u00f3mico:<\/strong> Disfruta de una postura c\u00f3moda y reduce la fatiga en tus recorridos m\u00e1s largos.<\/li>\n<\/ul>","protected":false},"excerpt":{"rendered":"<p>\u00bfListo para redefinir tus l\u00edmites? La Q-Bike QYT01 1 es tu compa\u00f1era ideal para conquistar cualquier terreno. Ya sea que te aventures por senderos de monta\u00f1a, calles empedradas o caminos rurales, esta bicicleta el\u00e9ctrica te llevar\u00e1 all\u00ed con potencia y estilo. Caracter\u00edsticas Destacadas: Motor El\u00e9ctrico de Alto Rendimiento: 500 W de pura potencia para subir cuestas empinadas y mantener una velocidad constante en cualquier terreno. Bater\u00eda de Larga Duraci\u00f3n: Su bater\u00eda de 48V10Ah te ayuda a recorrer hasta 32 km con una sola carga. Explora m\u00e1s lejos y disfruta al m\u00e1ximo cada aventura. Cuadro Robusto y Ligero: Fabricado en acero, combina resistencia y agilidad para un manejo excepcional. Suspensi\u00f3n Delantera y Trasera: Absorbe los impactos y vibraciones, brind\u00e1ndote una conducci\u00f3n suave y c\u00f3moda en terrenos irregulares. Frenos de Disco Hidr\u00e1ulicos: Potencia de frenado confiable y precisa para mantener el control en todo momento. Cambios: Con el sistema Shimano de 7 velocidades adapta tu pedaleo a cualquier situaci\u00f3n y maximiza tu eficiencia. Pantalla LCD Inteligente: Monitorea tu velocidad, distancia, nivel de bater\u00eda y otros datos importantes de un vistazo. Dise\u00f1o Ergon\u00f3mico: Disfruta de una postura c\u00f3moda y reduce la fatiga en tus recorridos m\u00e1s largos.<\/p>","protected":false},"featured_media":953,"comment_status":"open","ping_status":"closed","template":"","meta":{"site-sidebar-layout":"default","site-content-layout":"","ast-site-content-layout":"default","site-content-style":"default","site-sidebar-style":"default","ast-global-header-display":"","ast-banner-title-visibility":"","ast-main-header-display":"","ast-hfb-above-header-display":"","ast-hfb-below-header-display":"","ast-hfb-mobile-header-display":"","site-post-title":"","ast-breadcrumbs-content":"","ast-featured-img":"","footer-sml-layout":"","ast-disable-related-posts":"","theme-transparent-header-meta":"default","adv-header-id-meta":"","stick-header-meta":"","header-above-stick-meta":"","header-main-stick-meta":"","header-below-stick-meta":"","astra-migrate-meta-layouts":"set","ast-page-background-enabled":"default","ast-page-background-meta":{"desktop":{"background-color":"var(--ast-global-color-4)","background-image":"","background-repeat":"repeat","background-position":"center center","background-size":"auto","background-attachment":"scroll","background-type":"","background-media":"","overlay-type":"","overlay-color":"","overlay-opacity":"","overlay-gradient":""},"tablet":{"background-color":"","background-image":"","background-repeat":"repeat","background-position":"center center","background-size":"auto","background-attachment":"scroll","background-type":"","background-media":"","overlay-type":"","overlay-color":"","overlay-opacity":"","overlay-gradient":""},"mobile":{"background-color":"","background-image":"","background-repeat":"repeat","background-position":"center center","background-size":"auto","background-attachment":"scroll","background-type":"","background-media":"","overlay-type":"","overlay-color":"","overlay-opacity":"","overlay-gradient":""}},"ast-content-background-meta":{"desktop":{"background-color":"var(--ast-global-color-5)","background-image":"","background-repeat":"repeat","background-position":"center center","background-size":"auto","background-attachment":"scroll","background-type":"","background-media":"","overlay-type":"","overlay-color":"","overlay-opacity":"","overlay-gradient":""},"tablet":{"background-color":"var(--ast-global-color-5)","background-image":"","background-repeat":"repeat","background-position":"center center","background-size":"auto","background-attachment":"scroll","background-type":"","background-media":"","overlay-type":"","overlay-color":"","overlay-opacity":"","overlay-gradient":""},"mobile":{"background-color":"var(--ast-global-color-5)","background-image":"","background-repeat":"repeat","background-position":"center center","background-size":"auto","background-attachment":"scroll","background-type":"","background-media":"","overlay-type":"","overlay-color":"","overlay-opacity":"","overlay-gradient":""}}},"product_brand":[],"product_cat":[18],"product_tag":[],"class_list":{"0":"post-950","1":"product","2":"type-product","3":"status-publish","4":"has-post-thumbnail","6":"product_cat-bicletas-electricas","7":"desktop-align-left","8":"tablet-align-left","9":"mobile-align-left","11":"first","12":"instock","13":"shipping-taxable","14":"product-type-simple"},"yoast_head":"<!-- This site is optimized with the Yoast SEO plugin v27.5 - https:\/\/yoast.com\/product\/yoast-seo-wordpress\/ -->\n<title>E-Bike QYT01 - Q-Touch<\/title>\n<meta name=\"description\" content=\"\u00bfListo para redefinir tus l\u00edmites? La Q-Bike QYT01 1 es tu compa\u00f1era ideal para conquistar cualquier terreno. Ya sea que te aventures por senderos de monta\u00f1a, calles empedradas o caminos rurales, esta bicicleta el\u00e9ctrica te llevar\u00e1 all\u00ed con potencia y estilo.\" \/>\n<meta name=\"robots\" content=\"index, follow, max-snippet:-1, max-image-preview:large, max-video-preview:-1\" \/>\n<link rel=\"canonical\" href=\"https:\/\/qtouch.com.mx\/en\/product\/e-bike-qyt01\/\" \/>\n<meta property=\"og:locale\" content=\"en_US\" \/>\n<meta property=\"og:type\" content=\"article\" \/>\n<meta property=\"og:title\" content=\"E-Bike QYT01 - Q-Touch\" \/>\n<meta property=\"og:description\" content=\"\u00bfListo para redefinir tus l\u00edmites? La Q-Bike QYT01 1 es tu compa\u00f1era ideal para conquistar cualquier terreno. Ya sea que te aventures por senderos de monta\u00f1a, calles empedradas o caminos rurales, esta bicicleta el\u00e9ctrica te llevar\u00e1 all\u00ed con potencia y estilo.\" \/>\n<meta property=\"og:url\" content=\"https:\/\/qtouch.com.mx\/en\/product\/e-bike-qyt01\/\" \/>\n<meta property=\"og:site_name\" content=\"Q-Touch\" \/>\n<meta property=\"article:modified_time\" content=\"2024-09-11T00:52:17+00:00\" \/>\n<meta property=\"og:image\" content=\"https:\/\/qtouch.com.mx\/wp-content\/uploads\/2024\/07\/\u256cod\u253c\u2550\u255da\u00bc_20240622162218-1024x813.png\" \/>\n\t<meta property=\"og:image:width\" content=\"1024\" \/>\n\t<meta property=\"og:image:height\" content=\"813\" \/>\n\t<meta property=\"og:image:type\" content=\"image\/png\" \/>\n<meta name=\"twitter:card\" content=\"summary_large_image\" \/>\n<meta name=\"twitter:label1\" content=\"Est. reading time\" \/>\n\t<meta name=\"twitter:data1\" content=\"2 minutes\" \/>\n<script type=\"application\/ld+json\" class=\"yoast-schema-graph\">{\"@context\":\"https:\\\/\\\/schema.org\",\"@graph\":[{\"@type\":\"WebPage\",\"@id\":\"https:\\\/\\\/qtouch.com.mx\\\/producto\\\/e-bike-qyt01\\\/\",\"url\":\"https:\\\/\\\/qtouch.com.mx\\\/producto\\\/e-bike-qyt01\\\/\",\"name\":\"E-Bike QYT01 - Q-Touch\",\"isPartOf\":{\"@id\":\"https:\\\/\\\/qtouch.com.mx\\\/#website\"},\"primaryImageOfPage\":{\"@id\":\"https:\\\/\\\/qtouch.com.mx\\\/producto\\\/e-bike-qyt01\\\/#primaryimage\"},\"image\":{\"@id\":\"https:\\\/\\\/qtouch.com.mx\\\/producto\\\/e-bike-qyt01\\\/#primaryimage\"},\"thumbnailUrl\":\"https:\\\/\\\/qtouch.com.mx\\\/wp-content\\\/uploads\\\/2024\\\/07\\\/\u256cod\u253c\u2550\u255da\u00bc_20240622162218.png\",\"datePublished\":\"2024-07-29T19:46:25+00:00\",\"dateModified\":\"2024-09-11T00:52:17+00:00\",\"description\":\"\u00bfListo para redefinir tus l\u00edmites? La Q-Bike QYT01 1 es tu compa\u00f1era ideal para conquistar cualquier terreno. Ya sea que te aventures por senderos de monta\u00f1a, calles empedradas o caminos rurales, esta bicicleta el\u00e9ctrica te llevar\u00e1 all\u00ed con potencia y estilo.\",\"breadcrumb\":{\"@id\":\"https:\\\/\\\/qtouch.com.mx\\\/producto\\\/e-bike-qyt01\\\/#breadcrumb\"},\"inLanguage\":\"en-US\",\"potentialAction\":[{\"@type\":\"ReadAction\",\"target\":[\"https:\\\/\\\/qtouch.com.mx\\\/producto\\\/e-bike-qyt01\\\/\"]}]},{\"@type\":\"ImageObject\",\"inLanguage\":\"en-US\",\"@id\":\"https:\\\/\\\/qtouch.com.mx\\\/producto\\\/e-bike-qyt01\\\/#primaryimage\",\"url\":\"https:\\\/\\\/qtouch.com.mx\\\/wp-content\\\/uploads\\\/2024\\\/07\\\/\u256cod\u253c\u2550\u255da\u00bc_20240622162218.png\",\"contentUrl\":\"https:\\\/\\\/qtouch.com.mx\\\/wp-content\\\/uploads\\\/2024\\\/07\\\/\u256cod\u253c\u2550\u255da\u00bc_20240622162218.png\",\"width\":2560,\"height\":2033},{\"@type\":\"BreadcrumbList\",\"@id\":\"https:\\\/\\\/qtouch.com.mx\\\/producto\\\/e-bike-qyt01\\\/#breadcrumb\",\"itemListElement\":[{\"@type\":\"ListItem\",\"position\":1,\"name\":\"Home\",\"item\":\"https:\\\/\\\/qtouch.com.mx\\\/\"},{\"@type\":\"ListItem\",\"position\":2,\"name\":\"Shop\",\"item\":\"https:\\\/\\\/qtouch.com.mx\\\/shop\\\/\"},{\"@type\":\"ListItem\",\"position\":3,\"name\":\"E-Bike QYT01\"}]},{\"@type\":\"WebSite\",\"@id\":\"https:\\\/\\\/qtouch.com.mx\\\/#website\",\"url\":\"https:\\\/\\\/qtouch.com.mx\\\/\",\"name\":\"Q-Touch\",\"description\":\"\",\"publisher\":{\"@id\":\"https:\\\/\\\/qtouch.com.mx\\\/#organization\"},\"potentialAction\":[{\"@type\":\"SearchAction\",\"target\":{\"@type\":\"EntryPoint\",\"urlTemplate\":\"https:\\\/\\\/qtouch.com.mx\\\/?s={search_term_string}\"},\"query-input\":{\"@type\":\"PropertyValueSpecification\",\"valueRequired\":true,\"valueName\":\"search_term_string\"}}],\"inLanguage\":\"en-US\"},{\"@type\":\"Organization\",\"@id\":\"https:\\\/\\\/qtouch.com.mx\\\/#organization\",\"name\":\"Q-Touch\",\"url\":\"https:\\\/\\\/qtouch.com.mx\\\/\",\"logo\":{\"@type\":\"ImageObject\",\"inLanguage\":\"en-US\",\"@id\":\"https:\\\/\\\/qtouch.com.mx\\\/#\\\/schema\\\/logo\\\/image\\\/\",\"url\":\"https:\\\/\\\/qtouch.com.mx\\\/wp-content\\\/uploads\\\/2024\\\/05\\\/Qtouch-logo-con-fondo-transparente-1.png\",\"contentUrl\":\"https:\\\/\\\/qtouch.com.mx\\\/wp-content\\\/uploads\\\/2024\\\/05\\\/Qtouch-logo-con-fondo-transparente-1.png\",\"width\":833,\"height\":300,\"caption\":\"Q-Touch\"},\"image\":{\"@id\":\"https:\\\/\\\/qtouch.com.mx\\\/#\\\/schema\\\/logo\\\/image\\\/\"}}]}<\/script>\n<!-- \/ Yoast SEO plugin. -->","yoast_head_json":{"title":"E-Bike QYT01 - Q-Touch","description":"\u00bfListo para redefinir tus l\u00edmites? La Q-Bike QYT01 1 es tu compa\u00f1era ideal para conquistar cualquier terreno. Ya sea que te aventures por senderos de monta\u00f1a, calles empedradas o caminos rurales, esta bicicleta el\u00e9ctrica te llevar\u00e1 all\u00ed con potencia y estilo.","robots":{"index":"index","follow":"follow","max-snippet":"max-snippet:-1","max-image-preview":"max-image-preview:large","max-video-preview":"max-video-preview:-1"},"canonical":"https:\/\/qtouch.com.mx\/en\/product\/e-bike-qyt01\/","og_locale":"en_US","og_type":"article","og_title":"E-Bike QYT01 - Q-Touch","og_description":"\u00bfListo para redefinir tus l\u00edmites? La Q-Bike QYT01 1 es tu compa\u00f1era ideal para conquistar cualquier terreno. Ya sea que te aventures por senderos de monta\u00f1a, calles empedradas o caminos rurales, esta bicicleta el\u00e9ctrica te llevar\u00e1 all\u00ed con potencia y estilo.","og_url":"https:\/\/qtouch.com.mx\/en\/product\/e-bike-qyt01\/","og_site_name":"Q-Touch","article_modified_time":"2024-09-11T00:52:17+00:00","og_image":[{"width":1024,"height":813,"url":"https:\/\/qtouch.com.mx\/wp-content\/uploads\/2024\/07\/\u256cod\u253c\u2550\u255da\u00bc_20240622162218-1024x813.png","type":"image\/png"}],"twitter_card":"summary_large_image","twitter_misc":{"Est. reading time":"2 minutes"},"schema":{"@context":"https:\/\/schema.org","@graph":[{"@type":"WebPage","@id":"https:\/\/qtouch.com.mx\/producto\/e-bike-qyt01\/","url":"https:\/\/qtouch.com.mx\/producto\/e-bike-qyt01\/","name":"E-Bike QYT01 - Q-Touch","isPartOf":{"@id":"https:\/\/qtouch.com.mx\/#website"},"primaryImageOfPage":{"@id":"https:\/\/qtouch.com.mx\/producto\/e-bike-qyt01\/#primaryimage"},"image":{"@id":"https:\/\/qtouch.com.mx\/producto\/e-bike-qyt01\/#primaryimage"},"thumbnailUrl":"https:\/\/qtouch.com.mx\/wp-content\/uploads\/2024\/07\/\u256cod\u253c\u2550\u255da\u00bc_20240622162218.png","datePublished":"2024-07-29T19:46:25+00:00","dateModified":"2024-09-11T00:52:17+00:00","description":"\u00bfListo para redefinir tus l\u00edmites? La Q-Bike QYT01 1 es tu compa\u00f1era ideal para conquistar cualquier terreno. Ya sea que te aventures por senderos de monta\u00f1a, calles empedradas o caminos rurales, esta bicicleta el\u00e9ctrica te llevar\u00e1 all\u00ed con potencia y estilo.","breadcrumb":{"@id":"https:\/\/qtouch.com.mx\/producto\/e-bike-qyt01\/#breadcrumb"},"inLanguage":"en-US","potentialAction":[{"@type":"ReadAction","target":["https:\/\/qtouch.com.mx\/producto\/e-bike-qyt01\/"]}]},{"@type":"ImageObject","inLanguage":"en-US","@id":"https:\/\/qtouch.com.mx\/producto\/e-bike-qyt01\/#primaryimage","url":"https:\/\/qtouch.com.mx\/wp-content\/uploads\/2024\/07\/\u256cod\u253c\u2550\u255da\u00bc_20240622162218.png","contentUrl":"https:\/\/qtouch.com.mx\/wp-content\/uploads\/2024\/07\/\u256cod\u253c\u2550\u255da\u00bc_20240622162218.png","width":2560,"height":2033},{"@type":"BreadcrumbList","@id":"https:\/\/qtouch.com.mx\/producto\/e-bike-qyt01\/#breadcrumb","itemListElement":[{"@type":"ListItem","position":1,"name":"Home","item":"https:\/\/qtouch.com.mx\/"},{"@type":"ListItem","position":2,"name":"Shop","item":"https:\/\/qtouch.com.mx\/shop\/"},{"@type":"ListItem","position":3,"name":"E-Bike QYT01"}]},{"@type":"WebSite","@id":"https:\/\/qtouch.com.mx\/#website","url":"https:\/\/qtouch.com.mx\/","name":"Q-Touch","description":"","publisher":{"@id":"https:\/\/qtouch.com.mx\/#organization"},"potentialAction":[{"@type":"SearchAction","target":{"@type":"EntryPoint","urlTemplate":"https:\/\/qtouch.com.mx\/?s={search_term_string}"},"query-input":{"@type":"PropertyValueSpecification","valueRequired":true,"valueName":"search_term_string"}}],"inLanguage":"en-US"},{"@type":"Organization","@id":"https:\/\/qtouch.com.mx\/#organization","name":"Q-Touch","url":"https:\/\/qtouch.com.mx\/","logo":{"@type":"ImageObject","inLanguage":"en-US","@id":"https:\/\/qtouch.com.mx\/#\/schema\/logo\/image\/","url":"https:\/\/qtouch.com.mx\/wp-content\/uploads\/2024\/05\/Qtouch-logo-con-fondo-transparente-1.png","contentUrl":"https:\/\/qtouch.com.mx\/wp-content\/uploads\/2024\/05\/Qtouch-logo-con-fondo-transparente-1.png","width":833,"height":300,"caption":"Q-Touch"},"image":{"@id":"https:\/\/qtouch.com.mx\/#\/schema\/logo\/image\/"}}]}},"_links":{"self":[{"href":"https:\/\/qtouch.com.mx\/en\/wp-json\/wp\/v2\/product\/950","targetHints":{"allow":["GET"]}}],"collection":[{"href":"https:\/\/qtouch.com.mx\/en\/wp-json\/wp\/v2\/product"}],"about":[{"href":"https:\/\/qtouch.com.mx\/en\/wp-json\/wp\/v2\/types\/product"}],"replies":[{"embeddable":true,"href":"https:\/\/qtouch.com.mx\/en\/wp-json\/wp\/v2\/comments?post=950"}],"wp:featuredmedia":[{"embeddable":true,"href":"https:\/\/qtouch.com.mx\/en\/wp-json\/wp\/v2\/media\/953"}],"wp:attachment":[{"href":"https:\/\/qtouch.com.mx\/en\/wp-json\/wp\/v2\/media?parent=950"}],"wp:term":[{"taxonomy":"product_brand","embeddable":true,"href":"https:\/\/qtouch.com.mx\/en\/wp-json\/wp\/v2\/product_brand?post=950"},{"taxonomy":"product_cat","embeddable":true,"href":"https:\/\/qtouch.com.mx\/en\/wp-json\/wp\/v2\/product_cat?post=950"},{"taxonomy":"product_tag","embeddable":true,"href":"https:\/\/qtouch.com.mx\/en\/wp-json\/wp\/v2\/product_tag?post=950"}],"curies":[{"name":"wp","href":"https:\/\/api.w.org\/{rel}","templated":true}]}}